{"id":19674,"date":"2024-08-14T15:32:28","date_gmt":"2024-08-14T10:02:28","guid":{"rendered":"https:\/\/www.verdantis.com\/?page_id=19674"},"modified":"2025-02-01T00:06:18","modified_gmt":"2025-01-31T18:36:18","slug":"plataforma-de-datos-basada-en-la-inteligencia-artificial-para-la-gobernanza-de-datos","status":"publish","type":"page","link":"https:\/\/www.verdantis.com\/es\/plataforma-de-datos-basada-en-la-inteligencia-artificial-para-la-gobernanza-de-datos\/","title":{"rendered":"Plataforma de datos basada en IA para la gobernanza de datos"},"content":{"rendered":"<div data-elementor-type=\"wp-page\" data-elementor-id=\"19674\" class=\"elementor elementor-19674\" data-elementor-post-type=\"page\">\n\t\t\t\t<div class=\"elementor-element elementor-element-fd97e3f e-flex e-con-boxed e-con e-parent\" data-id=\"fd97e3f\" data-element_type=\"container\" data-e-type=\"container\">\n\t\t\t\t\t<div class=\"e-con-inner\">\n\t\t<div class=\"elementor-element elementor-element-66a5293 e-con-full e-flex e-con e-child\" data-id=\"66a5293\" data-element_type=\"container\" data-e-type=\"container\" data-settings=\"{&quot;background_background&quot;:&quot;classic&quot;}\">\n\t\t\t\t<div class=\"elementor-element elementor-element-7dd0ff5 elementor-widget elementor-widget-heading\" data-id=\"7dd0ff5\" data-element_type=\"widget\" data-e-type=\"widget\" data-widget_type=\"heading.default\">\n\t\t\t\t<div class=\"elementor-widget-container\">\n\t\t\t\t\t<h1 class=\"elementor-heading-title elementor-size-default\" id=\"ai-powered-platform-for-data-governance\">Plataforma basada en IA <br>para la Gobernanza de Datos<\/h1>\t\t\t\t<\/div>\n\t\t\t\t<\/div>\n\t\t\t\t<div class=\"elementor-element elementor-element-f41f835 elementor-widget elementor-widget-heading\" data-id=\"f41f835\" data-element_type=\"widget\" data-e-type=\"widget\" data-widget_type=\"heading.default\">\n\t\t\t\t<div class=\"elementor-widget-container\">\n\t\t\t\t\t<h4 class=\"elementor-heading-title elementor-size-default\">Mejore la gesti\u00f3n de sus datos con Verdantis Integrity. Nuestra plataforma de gobierno de datos impulsada por IA simplifica y automatiza sus procesos de datos maestros, mejora la precisi\u00f3n y elimina las ineficiencias. Descubra c\u00f3mo nuestras funciones avanzadas como Attribute Auto Population, De-duplication y Semantic Search pueden transformar sus operaciones e impulsar el \u00e9xito.<br><br>Vea nuestro v\u00eddeo para ver Verdantis Integrity en acci\u00f3n y descubra c\u00f3mo puede revolucionar su estrategia de gesti\u00f3n de datos.<\/h4>\t\t\t\t<\/div>\n\t\t\t\t<\/div>\n\t\t\t\t<\/div>\n\t\t\t\t\t<\/div>\n\t\t\t\t<\/div>\n\t\t<div class=\"elementor-element elementor-element-637fce8 e-flex e-con-boxed e-con e-parent\" data-id=\"637fce8\" data-element_type=\"container\" data-e-type=\"container\" data-settings=\"{&quot;background_background&quot;:&quot;classic&quot;}\">\n\t\t\t\t\t<div class=\"e-con-inner\">\n\t\t\t\t<div class=\"elementor-element elementor-element-8645d9e elementor-widget elementor-widget-video\" data-id=\"8645d9e\" data-element_type=\"widget\" data-e-type=\"widget\" data-settings=\"{&quot;youtube_url&quot;:&quot;https:\\\/\\\/youtu.be\\\/sv8p7qIq0AM?si=nud_0i0ysAt5ZagI&quot;,&quot;video_type&quot;:&quot;youtube&quot;,&quot;controls&quot;:&quot;yes&quot;}\" data-widget_type=\"video.default\">\n\t\t\t\t<div class=\"elementor-widget-container\">\n\t\t\t\t\t\t\t<div class=\"elementor-wrapper elementor-open-inline\">\n\t\t\t<div class=\"elementor-video\"><\/div>\t\t<\/div>\n\t\t\t\t\t\t<\/div>\n\t\t\t\t<\/div>\n\t\t\t\t\t<\/div>\n\t\t\t\t<\/div>\n\t\t\t\t<\/div>","protected":false},"excerpt":{"rendered":"<p>Plataforma de gobernanza de datos basada en IA Mejore la gesti\u00f3n de sus datos con Verdantis Integrity. Nuestra plataforma de gobierno de datos impulsada por IA simplifica y automatiza sus procesos de datos maestros, mejora la precisi\u00f3n y elimina las ineficiencias. Descubra c\u00f3mo nuestras funciones avanzadas como Attribute Auto Population, De-duplication y Semantic Search pueden transformar sus operaciones e impulsar el \u00e9xito. Vea nuestro v\u00eddeo para [...]<\/p>","protected":false},"author":1,"featured_media":0,"parent":0,"menu_order":0,"comment_status":"closed","ping_status":"closed","template":"elementor_header_footer","meta":{"inline_featured_image":false,"footnotes":""},"class_list":["post-19674","page","type-page","status-publish","hentry"],"acf":[],"_links":{"self":[{"href":"https:\/\/www.verdantis.com\/es\/wp-json\/wp\/v2\/pages\/19674","targetHints":{"allow":["GET"]}}],"collection":[{"href":"https:\/\/www.verdantis.com\/es\/wp-json\/wp\/v2\/pages"}],"about":[{"href":"https:\/\/www.verdantis.com\/es\/wp-json\/wp\/v2\/types\/page"}],"author":[{"embeddable":true,"href":"https:\/\/www.verdantis.com\/es\/wp-json\/wp\/v2\/users\/1"}],"replies":[{"embeddable":true,"href":"https:\/\/www.verdantis.com\/es\/wp-json\/wp\/v2\/comments?post=19674"}],"version-history":[{"count":0,"href":"https:\/\/www.verdantis.com\/es\/wp-json\/wp\/v2\/pages\/19674\/revisions"}],"wp:attachment":[{"href":"https:\/\/www.verdantis.com\/es\/wp-json\/wp\/v2\/media?parent=19674"}],"curies":[{"name":"wp","href":"https:\/\/api.w.org\/{rel}","templated":true}]}}