{"id":18932,"date":"2024-07-15T20:40:55","date_gmt":"2024-07-15T15:10:55","guid":{"rendered":"https:\/\/www.verdantis.com\/?page_id=18932"},"modified":"2025-02-01T00:13:09","modified_gmt":"2025-01-31T18:43:09","slug":"plataforma-de-datos-basada-en-la-inteligencia-artificial-para-la-armonizacion-de-datos","status":"publish","type":"page","link":"https:\/\/www.verdantis.com\/es\/plataforma-de-datos-basada-en-la-inteligencia-artificial-para-la-armonizacion-de-datos\/","title":{"rendered":"Plataforma de datos basada en IA para la armonizaci\u00f3n de datos"},"content":{"rendered":"<div data-elementor-type=\"wp-page\" data-elementor-id=\"18932\" class=\"elementor elementor-18932\" data-elementor-post-type=\"page\">\n\t\t\t\t<div class=\"elementor-element elementor-element-c3ad4f5 e-flex e-con-boxed e-con e-parent\" data-id=\"c3ad4f5\" data-element_type=\"container\" data-e-type=\"container\">\n\t\t\t\t\t<div class=\"e-con-inner\">\n\t\t<div class=\"elementor-element elementor-element-96cc3d6 e-con-full e-flex e-con e-child\" data-id=\"96cc3d6\" data-element_type=\"container\" data-e-type=\"container\" data-settings=\"{&quot;background_background&quot;:&quot;classic&quot;}\">\n\t\t\t\t<div class=\"elementor-element elementor-element-4a9c192 elementor-widget elementor-widget-heading\" data-id=\"4a9c192\" data-element_type=\"widget\" data-e-type=\"widget\" data-widget_type=\"heading.default\">\n\t\t\t\t<div class=\"elementor-widget-container\">\n\t\t\t\t\t<h1 class=\"elementor-heading-title elementor-size-default\" id=\"ai-powered-platform-for-data-harmonization\">Plataforma basada en IA para<br> Armonizaci\u00f3n de datos<\/h1>\t\t\t\t<\/div>\n\t\t\t\t<\/div>\n\t\t\t\t<div class=\"elementor-element elementor-element-950cb35 elementor-widget elementor-widget-heading\" data-id=\"950cb35\" data-element_type=\"widget\" data-e-type=\"widget\" data-widget_type=\"heading.default\">\n\t\t\t\t<div class=\"elementor-widget-container\">\n\t\t\t\t\t<h4 class=\"elementor-heading-title elementor-size-default\">Libere el poder de una gesti\u00f3n de datos precisa y optimizada con Harmonize, una plataforma avanzada basada en IA dise\u00f1ada para gestionar sin problemas datos complejos y de gran volumen en varios idiomas.\n\nAproveche lo \u00faltimo en IA y aprendizaje autom\u00e1tico para identificar y eliminar registros duplicados en todas sus fuentes de datos. Con un procesamiento en tiempo real y una integraci\u00f3n perfecta en los sistemas existentes, Harmonize garantiza que sus datos sean siempre precisos y est\u00e9n actualizados.Transforme su estrategia de gesti\u00f3n de datos con Harmonize y libere todo el potencial de sus datos empresariales.<\/h4>\t\t\t\t<\/div>\n\t\t\t\t<\/div>\n\t\t\t\t<\/div>\n\t\t\t\t\t<\/div>\n\t\t\t\t<\/div>\n\t\t<div class=\"elementor-element elementor-element-2c348b7 e-flex e-con-boxed e-con e-parent\" data-id=\"2c348b7\" data-element_type=\"container\" data-e-type=\"container\" data-settings=\"{&quot;background_background&quot;:&quot;classic&quot;}\">\n\t\t\t\t\t<div class=\"e-con-inner\">\n\t\t\t\t<div class=\"elementor-element elementor-element-cf1e9e6 elementor-widget elementor-widget-video\" data-id=\"cf1e9e6\" data-element_type=\"widget\" data-e-type=\"widget\" data-settings=\"{&quot;youtube_url&quot;:&quot;https:\\\/\\\/youtu.be\\\/_yU1JneJXy0?si=PwNQr40Guat46ovv&quot;,&quot;video_type&quot;:&quot;youtube&quot;,&quot;controls&quot;:&quot;yes&quot;}\" data-widget_type=\"video.default\">\n\t\t\t\t<div class=\"elementor-widget-container\">\n\t\t\t\t\t\t\t<div class=\"elementor-wrapper elementor-open-inline\">\n\t\t\t<div class=\"elementor-video\"><\/div>\t\t<\/div>\n\t\t\t\t\t\t<\/div>\n\t\t\t\t<\/div>\n\t\t\t\t\t<\/div>\n\t\t\t\t<\/div>\n\t\t\t\t<\/div>","protected":false},"excerpt":{"rendered":"<p>Plataforma de IA para la armonizaci\u00f3n de datos Libere el poder de una gesti\u00f3n de datos precisa y optimizada con Harmonize, una plataforma avanzada basada en IA dise\u00f1ada para gestionar sin problemas datos complejos y de gran volumen en varios idiomas. Aproveche lo \u00faltimo en IA y aprendizaje autom\u00e1tico para identificar y eliminar registros duplicados en todas sus fuentes de datos. Con procesamiento en tiempo real y [...]<\/p>","protected":false},"author":1,"featured_media":0,"parent":0,"menu_order":0,"comment_status":"closed","ping_status":"closed","template":"elementor_header_footer","meta":{"inline_featured_image":false,"footnotes":""},"class_list":["post-18932","page","type-page","status-publish","hentry"],"acf":[],"_links":{"self":[{"href":"https:\/\/www.verdantis.com\/es\/wp-json\/wp\/v2\/pages\/18932","targetHints":{"allow":["GET"]}}],"collection":[{"href":"https:\/\/www.verdantis.com\/es\/wp-json\/wp\/v2\/pages"}],"about":[{"href":"https:\/\/www.verdantis.com\/es\/wp-json\/wp\/v2\/types\/page"}],"author":[{"embeddable":true,"href":"https:\/\/www.verdantis.com\/es\/wp-json\/wp\/v2\/users\/1"}],"replies":[{"embeddable":true,"href":"https:\/\/www.verdantis.com\/es\/wp-json\/wp\/v2\/comments?post=18932"}],"version-history":[{"count":0,"href":"https:\/\/www.verdantis.com\/es\/wp-json\/wp\/v2\/pages\/18932\/revisions"}],"wp:attachment":[{"href":"https:\/\/www.verdantis.com\/es\/wp-json\/wp\/v2\/media?parent=18932"}],"curies":[{"name":"wp","href":"https:\/\/api.w.org\/{rel}","templated":true}]}}