{"id":14074,"date":"2024-02-26T12:55:35","date_gmt":"2024-02-26T07:25:35","guid":{"rendered":"https:\/\/www.verdantis.com\/?page_id=14074"},"modified":"2025-02-01T00:58:40","modified_gmt":"2025-01-31T19:28:40","slug":"terminos-y-condiciones-de-la-calculadora-mmdm-roi","status":"publish","type":"page","link":"https:\/\/www.verdantis.com\/es\/terminos-y-condiciones-de-la-calculadora-mmdm-roi\/","title":{"rendered":"T\u00e9rminos y condiciones de la calculadora de ROI de MMDM"},"content":{"rendered":"<div data-elementor-type=\"wp-page\" data-elementor-id=\"14074\" class=\"elementor elementor-14074\" data-elementor-post-type=\"page\">\n\t\t\t\t<div class=\"elementor-element elementor-element-4e57413 e-flex e-con-boxed e-con e-parent\" data-id=\"4e57413\" data-element_type=\"container\" data-e-type=\"container\">\n\t\t\t\t\t<div class=\"e-con-inner\">\n\t\t<div class=\"elementor-element elementor-element-f6e4c61 e-con-full e-flex e-con e-child\" data-id=\"f6e4c61\" data-element_type=\"container\" data-e-type=\"container\" data-settings=\"{&quot;background_background&quot;:&quot;classic&quot;}\">\n\t\t\t\t<div class=\"elementor-element elementor-element-fc0bb62 elementor-widget elementor-widget-heading\" data-id=\"fc0bb62\" data-element_type=\"widget\" data-e-type=\"widget\" data-widget_type=\"heading.default\">\n\t\t\t\t<div class=\"elementor-widget-container\">\n\t\t\t\t\t<h1 class=\"elementor-heading-title elementor-size-default\" id=\"mmdm-roi-calculator-terms-and-conditions\">Calculadora del ROI de MMDM <br>Condiciones generales<\/h1>\t\t\t\t<\/div>\n\t\t\t\t<\/div>\n\t\t\t\t<\/div>\n\t\t\t\t\t<\/div>\n\t\t\t\t<\/div>\n\t\t<div class=\"elementor-element elementor-element-790db56 e-flex e-con-boxed e-con e-parent\" data-id=\"790db56\" data-element_type=\"container\" data-e-type=\"container\">\n\t\t\t\t\t<div class=\"e-con-inner\">\n\t\t\t\t<div class=\"elementor-element elementor-element-7979355 elementor-widget elementor-widget-text-editor\" data-id=\"7979355\" data-element_type=\"widget\" data-e-type=\"widget\" data-widget_type=\"text-editor.default\">\n\t\t\t\t<div class=\"elementor-widget-container\">\n\t\t\t\t\t\t\t\t\t<p>Valoramos mucho su participaci\u00f3n y confianza en nuestros servicios, y nos comprometemos a mantener la m\u00e1xima confidencialidad de la informaci\u00f3n que nos proporcione. Sin embargo, es fundamental que comprenda que nuestra <strong>La Calculadora de ROI est\u00e1 pensada \u00fanicamente con fines estimativos. <\/strong>Los resultados generados son indicativos y deben abordarse teniendo muy en cuenta los aspectos \u00fanicos del contexto de su empresa y los factores externos que pueden influir en la exactitud de los c\u00e1lculos.<\/p><p>Aunque nos esforzamos por ofrecer estimaciones exactas y pertinentes, no podemos garantizar la precisi\u00f3n absoluta de los resultados. Por lo tanto, se recomienda que los usuarios act\u00faen con discreci\u00f3n y busquen m\u00e1s consultas o realicen un an\u00e1lisis exhaustivo, especialmente antes de tomar decisiones empresariales importantes basadas \u00fanicamente en los resultados de la calculadora.<\/p><p>Adem\u00e1s, al utilizar nuestros servicios y enviar datos personales con fines de c\u00e1lculo, usted reconoce y acepta los siguientes t\u00e9rminos y condiciones:<\/p><p><strong>Exactitud de los datos:<\/strong> Usted es responsable de proporcionar informaci\u00f3n precisa y actualizada para la Calculadora de ROI. Cualquier inexactitud en los datos puede afectar a la fiabilidad de los resultados.<\/p><p><strong>Confidencialidad<\/strong>: Nos comprometemos a mantener la confidencialidad de los datos personales que nos env\u00ede. Sin embargo, tenga en cuenta que, aunque tomamos amplias medidas para proteger su informaci\u00f3n, ninguna plataforma en l\u00ednea puede garantizar una seguridad absoluta.<\/p><p><strong>Aceptaci\u00f3n del riesgo:<\/strong> El uso de la Calculadora ROI implica un cierto grado de riesgo al confiar en estas estimaciones para tomar decisiones empresariales, y usted acepta toda la responsabilidad por cualquier consecuencia derivada de la confianza en las estimaciones de la calculadora.<\/p><p><strong>Consulta a expertos:<\/strong> Recomendamos encarecidamente consultar con los expertos pertinentes o buscar asesoramiento profesional antes de tomar decisiones empresariales cr\u00edticas basadas en los resultados proporcionados por la Calculadora de ROI.<\/p><p><strong>Consentimiento de comunicaci\u00f3n:<\/strong> Al utilizar nuestros servicios y enviar datos personales, usted acepta que los datos proporcionados puedan ser utilizados con fines de marketing y comunicaci\u00f3n. Puede darse de baja de las comunicaciones de marketing a trav\u00e9s de los mecanismos previstos. Respetamos su privacidad y tratamos la informaci\u00f3n personal de acuerdo con nuestra pol\u00edtica de privacidad.<\/p><p><strong>Propiedad y uso indebido:<\/strong> La Calculadora ROI es propiedad de Verdantis, y cualquier alteraci\u00f3n no autorizada o uso indebido para fines personales est\u00e1 estrictamente prohibido. Se espera que los usuarios utilicen la calculadora de ROI y el informe generado de forma responsable y de acuerdo con su prop\u00f3sito previsto para estimar el ROI. Cualquier modificaci\u00f3n no autorizada o uso indebido puede dar lugar a acciones legales.<\/p><p><strong>Modificaci\u00f3n de las condiciones:<\/strong> Estas condiciones est\u00e1n sujetas a cambios sin previo aviso. Es su responsabilidad revisarlas peri\u00f3dicamente por si hubiera alguna actualizaci\u00f3n.<\/p><p><strong>Encuesta y entrevista sobre el ROI de MMDM:<\/strong> La metodolog\u00eda y los par\u00e1metros utilizados en la calculadora de ROI se han dise\u00f1ado a partir de la informaci\u00f3n recopilada en m\u00faltiples encuestas y entrevistas con nuestros antiguos clientes. Es esencial tener en cuenta que el ROI de MMDM es uno de los factores que influyen en el ROI global de la empresa. Las estimaciones de la calculadora dependen de procesos posteriores como la optimizaci\u00f3n del inventario, las iniciativas de abastecimiento y la excelencia operativa, etc. Tenga en cuenta el contexto y los factores exclusivos de su empresa para realizar un an\u00e1lisis exhaustivo junto con los datos de la calculadora para obtener una visi\u00f3n completa del retorno de la inversi\u00f3n.<\/p><p>Si contin\u00faa utilizando nuestros servicios y enviando datos personales a efectos de c\u00e1lculo, significa que entiende y acepta estos t\u00e9rminos y condiciones. Si no est\u00e1 de acuerdo con alguna parte de estos t\u00e9rminos, le recomendamos que se abstenga de utilizar la Calculadora de ROI.<\/p>\t\t\t\t\t\t\t\t<\/div>\n\t\t\t\t<\/div>\n\t\t\t\t\t<\/div>\n\t\t\t\t<\/div>\n\t\t\t\t<\/div>","protected":false},"excerpt":{"rendered":"<p>MMDM Calculadora ROI T\u00e9rminos y Condiciones Valoramos mucho su participaci\u00f3n y confianza en nuestros servicios, y nos comprometemos a mantener la m\u00e1xima confidencialidad de la informaci\u00f3n que nos proporcione. Sin embargo, es crucial que comprenda que nuestra Calculadora de ROI est\u00e1 pensada \u00fanicamente con fines estimativos. Los resultados generados son indicativos y deben considerarse [...]<\/p>","protected":false},"author":1,"featured_media":0,"parent":0,"menu_order":0,"comment_status":"closed","ping_status":"closed","template":"elementor_header_footer","meta":{"inline_featured_image":false,"footnotes":""},"class_list":["post-14074","page","type-page","status-publish","hentry"],"acf":[],"_links":{"self":[{"href":"https:\/\/www.verdantis.com\/es\/wp-json\/wp\/v2\/pages\/14074","targetHints":{"allow":["GET"]}}],"collection":[{"href":"https:\/\/www.verdantis.com\/es\/wp-json\/wp\/v2\/pages"}],"about":[{"href":"https:\/\/www.verdantis.com\/es\/wp-json\/wp\/v2\/types\/page"}],"author":[{"embeddable":true,"href":"https:\/\/www.verdantis.com\/es\/wp-json\/wp\/v2\/users\/1"}],"replies":[{"embeddable":true,"href":"https:\/\/www.verdantis.com\/es\/wp-json\/wp\/v2\/comments?post=14074"}],"version-history":[{"count":0,"href":"https:\/\/www.verdantis.com\/es\/wp-json\/wp\/v2\/pages\/14074\/revisions"}],"wp:attachment":[{"href":"https:\/\/www.verdantis.com\/es\/wp-json\/wp\/v2\/media?parent=14074"}],"curies":[{"name":"wp","href":"https:\/\/api.w.org\/{rel}","templated":true}]}}