{"id":12682,"date":"2024-02-15T07:35:00","date_gmt":"2024-02-15T07:35:00","guid":{"rendered":"https:\/\/www.verdantis.com\/?page_id=12682"},"modified":"2025-02-01T01:07:01","modified_gmt":"2025-01-31T19:37:01","slug":"descargo-de-responsabilidad","status":"publish","type":"page","link":"https:\/\/www.verdantis.com\/es\/descargo-de-responsabilidad\/","title":{"rendered":"Descargo de responsabilidad"},"content":{"rendered":"<div data-elementor-type=\"wp-page\" data-elementor-id=\"12682\" class=\"elementor elementor-12682\" data-elementor-post-type=\"page\">\n\t\t\t\t<div class=\"elementor-element elementor-element-244d872 e-flex e-con-boxed e-con e-parent\" data-id=\"244d872\" data-element_type=\"container\" data-e-type=\"container\">\n\t\t\t\t\t<div class=\"e-con-inner\">\n\t\t<div class=\"elementor-element elementor-element-bb68bf2 e-con-full e-flex e-con e-child\" data-id=\"bb68bf2\" data-element_type=\"container\" data-e-type=\"container\" data-settings=\"{&quot;background_background&quot;:&quot;classic&quot;}\">\n\t\t\t\t<div class=\"elementor-element elementor-element-ac55385 elementor-widget elementor-widget-heading\" data-id=\"ac55385\" data-element_type=\"widget\" data-e-type=\"widget\" data-widget_type=\"heading.default\">\n\t\t\t\t<div class=\"elementor-widget-container\">\n\t\t\t\t\t<h1 class=\"elementor-heading-title elementor-size-default\" id=\"dislcaimer\">Dislcaimer<\/h1>\t\t\t\t<\/div>\n\t\t\t\t<\/div>\n\t\t\t\t<\/div>\n\t\t\t\t\t<\/div>\n\t\t\t\t<\/div>\n\t\t<div class=\"elementor-element elementor-element-e3f3f75 e-flex e-con-boxed e-con e-parent\" data-id=\"e3f3f75\" data-element_type=\"container\" data-e-type=\"container\">\n\t\t\t\t\t<div class=\"e-con-inner\">\n\t\t\t\t<div class=\"elementor-element elementor-element-5f9e3f0 elementor-widget elementor-widget-text-editor\" data-id=\"5f9e3f0\" data-element_type=\"widget\" data-e-type=\"widget\" data-widget_type=\"text-editor.default\">\n\t\t\t\t<div class=\"elementor-widget-container\">\n\t\t\t\t\t\t\t\t\t<p>Deseamos dejar expl\u00edcitamente claro que nuestra organizaci\u00f3n es una organizaci\u00f3n independiente con sus propias soluciones y proceso de desarrollo. No estamos afiliados, patrocinados ni respaldados por ninguna aplicaci\u00f3n ERP o EAM que aparezca en nuestro sitio web o en nuestros materiales de marketing.<\/p>\t\t\t\t\t\t\t\t<\/div>\n\t\t\t\t<\/div>\n\t\t\t\t<div class=\"elementor-element elementor-element-3896ed5 elementor-widget elementor-widget-heading\" data-id=\"3896ed5\" data-element_type=\"widget\" data-e-type=\"widget\" data-widget_type=\"heading.default\">\n\t\t\t\t<div class=\"elementor-widget-container\">\n\t\t\t\t\t<h3 class=\"elementor-heading-title elementor-size-default\" id=\"use-of-company-names-and-services\">Uso de nombres de empresas y servicios:<\/h3>\t\t\t\t<\/div>\n\t\t\t\t<\/div>\n\t\t\t\t<div class=\"elementor-element elementor-element-3cbeee2 elementor-widget elementor-widget-text-editor\" data-id=\"3cbeee2\" data-element_type=\"widget\" data-e-type=\"widget\" data-widget_type=\"text-editor.default\">\n\t\t\t\t<div class=\"elementor-widget-container\">\n\t\t\t\t\t\t\t\t\t<p>La menci\u00f3n de nombres de empresas y sus servicios asociados en nuestro sitio web y en nuestros materiales de marketing se hace \u00fanicamente con fines informativos e ilustrativos. No constituye una asociaci\u00f3n o respaldo oficial. Nos esforzamos por garantizar la exactitud de la informaci\u00f3n que proporcionamos, pero no pretendemos ser expertos en sus productos o servicios.<\/p>\t\t\t\t\t\t\t\t<\/div>\n\t\t\t\t<\/div>\n\t\t\t\t<div class=\"elementor-element elementor-element-79ffea7 elementor-widget elementor-widget-heading\" data-id=\"79ffea7\" data-element_type=\"widget\" data-e-type=\"widget\" data-widget_type=\"heading.default\">\n\t\t\t\t<div class=\"elementor-widget-container\">\n\t\t\t\t\t<h3 class=\"elementor-heading-title elementor-size-default\" id=\"client-and-partner-references\">Referencias de clientes y socios:<\/h3>\t\t\t\t<\/div>\n\t\t\t\t<\/div>\n\t\t\t\t<div class=\"elementor-element elementor-element-de4de49 elementor-widget elementor-widget-text-editor\" data-id=\"de4de49\" data-element_type=\"widget\" data-e-type=\"widget\" data-widget_type=\"text-editor.default\">\n\t\t\t\t<div class=\"elementor-widget-container\">\n\t\t\t\t\t\t\t\t\t<p>Las referencias a los nombres de clientes y socios tienen por objeto mostrar los esfuerzos de colaboraci\u00f3n y no deben interpretarse err\u00f3neamente como un respaldo oficial. Hemos obtenido los consentimientos necesarios para mencionar sus nombres.<\/p>\t\t\t\t\t\t\t\t<\/div>\n\t\t\t\t<\/div>\n\t\t\t\t<div class=\"elementor-element elementor-element-d033cb7 elementor-widget elementor-widget-heading\" data-id=\"d033cb7\" data-element_type=\"widget\" data-e-type=\"widget\" data-widget_type=\"heading.default\">\n\t\t\t\t<div class=\"elementor-widget-container\">\n\t\t\t\t\t<h3 class=\"elementor-heading-title elementor-size-default\" id=\"commitment-to-responsible-marketing\">Compromiso con la comercializaci\u00f3n responsable:<\/h3>\t\t\t\t<\/div>\n\t\t\t\t<\/div>\n\t\t\t\t<div class=\"elementor-element elementor-element-db66507 elementor-widget elementor-widget-text-editor\" data-id=\"db66507\" data-element_type=\"widget\" data-e-type=\"widget\" data-widget_type=\"text-editor.default\">\n\t\t\t\t<div class=\"elementor-widget-container\">\n\t\t\t\t\t\t\t\t\t<p>Nos comprometemos a mantener la reputaci\u00f3n de las entidades cuyos nombres y servicios mencionamos. Nos esforzamos por garantizar que toda la informaci\u00f3n sea exacta y se presente de forma que se evite cualquier malentendido sobre la naturaleza de los servicios que prestamos.<\/p>\t\t\t\t\t\t\t\t<\/div>\n\t\t\t\t<\/div>\n\t\t\t\t<div class=\"elementor-element elementor-element-17dfeb4 elementor-widget elementor-widget-heading\" data-id=\"17dfeb4\" data-element_type=\"widget\" data-e-type=\"widget\" data-widget_type=\"heading.default\">\n\t\t\t\t<div class=\"elementor-widget-container\">\n\t\t\t\t\t<h3 class=\"elementor-heading-title elementor-size-default\" id=\"compatibility-and-support\">Compatibilidad y soporte:<\/h3>\t\t\t\t<\/div>\n\t\t\t\t<\/div>\n\t\t\t\t<div class=\"elementor-element elementor-element-433975f elementor-widget elementor-widget-text-editor\" data-id=\"433975f\" data-element_type=\"widget\" data-e-type=\"widget\" data-widget_type=\"text-editor.default\">\n\t\t\t\t<div class=\"elementor-widget-container\">\n\t\t\t\t\t\t\t\t\t<p>Nuestras soluciones est\u00e1n dise\u00f1adas para integrarse a la perfecci\u00f3n y ofrecer servicios en relaci\u00f3n con las plataformas tecnol\u00f3gicas y de software l\u00edderes del sector. Aunque demostramos esta compatibilidad a trav\u00e9s de nuestros servicios, la inclusi\u00f3n de nombres de empresas o productos\/software espec\u00edficos no constituye un respaldo o garant\u00eda de soporte oficial o compatibilidad con su software\/productos.<\/p><p>Este descargo de responsabilidad sirve como declaraci\u00f3n transparente de nuestra posici\u00f3n respecto al uso de nombres y pretende fomentar la claridad y la comprensi\u00f3n. Apreciamos la importancia de mantener la integridad de todas las entidades implicadas y nos comprometemos a llevar a cabo nuestras actividades de marketing con el m\u00e1ximo respeto y responsabilidad.<\/p>\t\t\t\t\t\t\t\t<\/div>\n\t\t\t\t<\/div>\n\t\t\t\t<div class=\"elementor-element elementor-element-7d2b4e3 elementor-widget elementor-widget-heading\" data-id=\"7d2b4e3\" data-element_type=\"widget\" data-e-type=\"widget\" data-widget_type=\"heading.default\">\n\t\t\t\t<div class=\"elementor-widget-container\">\n\t\t\t\t\t<h3 class=\"elementor-heading-title elementor-size-default\" id=\"contact\">Contacto:<\/h3>\t\t\t\t<\/div>\n\t\t\t\t<\/div>\n\t\t\t\t<div class=\"elementor-element elementor-element-266da30 elementor-widget elementor-widget-text-editor\" data-id=\"266da30\" data-element_type=\"widget\" data-e-type=\"widget\" data-widget_type=\"text-editor.default\">\n\t\t\t\t<div class=\"elementor-widget-container\">\n\t\t\t\t\t\t\t\t\t<p>Por otra parte, si hay alguna preocupaci\u00f3n u objeci\u00f3n por parte de personas u organizaciones cuyos nombres se mencionan en nuestro sitio web o comunicaciones de marketing, les animamos a ponerse en contacto con nosotros sin demora. Estamos dispuestos a tomar medidas r\u00e1pidas, incluida la retirada de nombres, para garantizar que nuestras pr\u00e1cticas se ajustan a las expectativas y preferencias de todas las partes implicadas.<\/p>\t\t\t\t\t\t\t\t<\/div>\n\t\t\t\t<\/div>\n\t\t\t\t<div class=\"elementor-element elementor-element-35ded7f elementor-widget elementor-widget-heading\" data-id=\"35ded7f\" data-element_type=\"widget\" data-e-type=\"widget\" data-widget_type=\"heading.default\">\n\t\t\t\t<div class=\"elementor-widget-container\">\n\t\t\t\t\t<h3 class=\"elementor-heading-title elementor-size-default\" id=\"effective-date\">Fecha de entrada en vigor:<\/h3>\t\t\t\t<\/div>\n\t\t\t\t<\/div>\n\t\t\t\t<div class=\"elementor-element elementor-element-01317ce elementor-widget elementor-widget-text-editor\" data-id=\"01317ce\" data-element_type=\"widget\" data-e-type=\"widget\" data-widget_type=\"text-editor.default\">\n\t\t\t\t<div class=\"elementor-widget-container\">\n\t\t\t\t\t\t\t\t\t<p>El presente descargo de responsabilidad entra en vigor el 24 de febrero de 2024. Nos reservamos el derecho a modificar este descargo de responsabilidad en cualquier momento sin previo aviso.<\/p>\t\t\t\t\t\t\t\t<\/div>\n\t\t\t\t<\/div>\n\t\t\t\t\t<\/div>\n\t\t\t\t<\/div>\n\t\t\t\t<\/div>","protected":false},"excerpt":{"rendered":"<p>Dislcaimer Deseamos dejar expl\u00edcitamente claro que nuestra organizaci\u00f3n es una organizaci\u00f3n independiente con sus propias soluciones y proceso de desarrollo. No estamos afiliados, patrocinados ni respaldados por ninguna aplicaci\u00f3n ERP o EAM que aparezca en nuestro sitio web o en nuestros materiales de marketing. Uso de nombres de empresas y servicios: La menci\u00f3n de nombres de empresas [...]<\/p>","protected":false},"author":1,"featured_media":0,"parent":0,"menu_order":0,"comment_status":"closed","ping_status":"closed","template":"elementor_header_footer","meta":{"inline_featured_image":false,"footnotes":""},"class_list":["post-12682","page","type-page","status-publish","hentry"],"acf":[],"_links":{"self":[{"href":"https:\/\/www.verdantis.com\/es\/wp-json\/wp\/v2\/pages\/12682","targetHints":{"allow":["GET"]}}],"collection":[{"href":"https:\/\/www.verdantis.com\/es\/wp-json\/wp\/v2\/pages"}],"about":[{"href":"https:\/\/www.verdantis.com\/es\/wp-json\/wp\/v2\/types\/page"}],"author":[{"embeddable":true,"href":"https:\/\/www.verdantis.com\/es\/wp-json\/wp\/v2\/users\/1"}],"replies":[{"embeddable":true,"href":"https:\/\/www.verdantis.com\/es\/wp-json\/wp\/v2\/comments?post=12682"}],"version-history":[{"count":0,"href":"https:\/\/www.verdantis.com\/es\/wp-json\/wp\/v2\/pages\/12682\/revisions"}],"wp:attachment":[{"href":"https:\/\/www.verdantis.com\/es\/wp-json\/wp\/v2\/media?parent=12682"}],"curies":[{"name":"wp","href":"https:\/\/api.w.org\/{rel}","templated":true}]}}