{"id":11642,"date":"2024-02-09T13:07:12","date_gmt":"2024-02-09T13:07:12","guid":{"rendered":"https:\/\/www.verdantis.com\/?page_id=11642"},"modified":"2025-05-27T16:25:29","modified_gmt":"2025-05-27T10:55:29","slug":"presentacion-de-la-calculadora-roi","status":"publish","type":"page","link":"https:\/\/www.verdantis.com\/es\/presentacion-de-la-calculadora-roi\/","title":{"rendered":"Env\u00edo de la calculadora ROI"},"content":{"rendered":"<div data-elementor-type=\"wp-page\" data-elementor-id=\"11642\" class=\"elementor elementor-11642\" data-elementor-post-type=\"page\">\n\t\t\t\t<div class=\"elementor-element elementor-element-098c6b5 e-flex e-con-boxed e-con e-parent\" data-id=\"098c6b5\" data-element_type=\"container\" data-e-type=\"container\">\n\t\t\t\t\t<div class=\"e-con-inner\">\n\t\t<div class=\"elementor-element elementor-element-f867246 e-con-full e-flex e-con e-child\" data-id=\"f867246\" data-element_type=\"container\" data-e-type=\"container\" data-settings=\"{&quot;background_background&quot;:&quot;classic&quot;}\">\n\t\t\t\t<div class=\"elementor-element elementor-element-8de4bbd elementor-widget elementor-widget-heading\" data-id=\"8de4bbd\" data-element_type=\"widget\" data-e-type=\"widget\" data-widget_type=\"heading.default\">\n\t\t\t\t<div class=\"elementor-widget-container\">\n\t\t\t\t\t<h1 class=\"elementor-heading-title elementor-size-default\" id=\"thanks-for-your-inquiry\">Gracias por su consulta.<\/h1>\t\t\t\t<\/div>\n\t\t\t\t<\/div>\n\t\t\t\t<div class=\"elementor-element elementor-element-d072d74 thnk elementor-widget elementor-widget-text-editor\" data-id=\"d072d74\" data-element_type=\"widget\" data-e-type=\"widget\" data-widget_type=\"text-editor.default\">\n\t\t\t\t<div class=\"elementor-widget-container\">\n\t\t\t\t\t\t\t\t\t<p>Gracias por sus aportaciones. Recibir\u00e1 el informe MRO ROI en las pr\u00f3ximas 24 horas en su direcci\u00f3n de correo electr\u00f3nico.<\/p><p>No dude en ponerse en contacto con nosotros en <a href=\"mailto:info@verdantis.com\">info@verdantis.com<\/a> o en el tel\u00e9fono +1 (866) 987-4463, si necesita algo mientras tanto.<\/p>\t\t\t\t\t\t\t\t<\/div>\n\t\t\t\t<\/div>\n\t\t\t\t<\/div>\n\t\t\t\t\t<\/div>\n\t\t\t\t<\/div>\n\t\t\t\t<\/div>","protected":false},"excerpt":{"rendered":"<p>Gracias por su consulta. Gracias por sus aportaciones. Recibir\u00e1 el informe MRO ROI en las pr\u00f3ximas 24 horas en su direcci\u00f3n de correo electr\u00f3nico. No dude en ponerse en contacto con nosotros en info@verdantis.com o en el tel\u00e9fono: +1 (866) 987-4463, si necesita algo mientras tanto.<\/p>","protected":false},"author":1,"featured_media":0,"parent":0,"menu_order":0,"comment_status":"closed","ping_status":"closed","template":"elementor_header_footer","meta":{"inline_featured_image":false,"footnotes":""},"class_list":["post-11642","page","type-page","status-publish","hentry"],"acf":[],"_links":{"self":[{"href":"https:\/\/www.verdantis.com\/es\/wp-json\/wp\/v2\/pages\/11642","targetHints":{"allow":["GET"]}}],"collection":[{"href":"https:\/\/www.verdantis.com\/es\/wp-json\/wp\/v2\/pages"}],"about":[{"href":"https:\/\/www.verdantis.com\/es\/wp-json\/wp\/v2\/types\/page"}],"author":[{"embeddable":true,"href":"https:\/\/www.verdantis.com\/es\/wp-json\/wp\/v2\/users\/1"}],"replies":[{"embeddable":true,"href":"https:\/\/www.verdantis.com\/es\/wp-json\/wp\/v2\/comments?post=11642"}],"version-history":[{"count":0,"href":"https:\/\/www.verdantis.com\/es\/wp-json\/wp\/v2\/pages\/11642\/revisions"}],"wp:attachment":[{"href":"https:\/\/www.verdantis.com\/es\/wp-json\/wp\/v2\/media?parent=11642"}],"curies":[{"name":"wp","href":"https:\/\/api.w.org\/{rel}","templated":true}]}}